{"id":3676,"date":"2020-05-22T10:37:38","date_gmt":"2020-05-22T10:37:38","guid":{"rendered":"https:\/\/themes.themegoods.com\/craft\/?page_id=3676"},"modified":"2025-11-12T09:20:34","modified_gmt":"2025-11-12T09:20:34","slug":"about-us","status":"publish","type":"page","link":"https:\/\/thefarmcoffee.ro\/en\/about-us\/","title":{"rendered":"About Us 1"},"content":{"rendered":"<div data-elementor-type=\"wp-page\" data-elementor-id=\"3676\" class=\"elementor elementor-3676\">\n\t\t\t\t\t\t<section class=\"elementor-section elementor-top-section elementor-element elementor-element-ae608b9 elementor-section-stretched elementor-section-height-min-height elementor-section-boxed elementor-section-height-default elementor-section-items-middle\" data-id=\"ae608b9\" data-element_type=\"section\" data-settings=\"{&quot;stretch_section&quot;:&quot;section-stretched&quot;,&quot;background_background&quot;:&quot;classic&quot;,&quot;craftcoffee_ext_is_background_parallax&quot;:&quot;true&quot;,&quot;craftcoffee_ext_is_background_parallax_speed&quot;:{&quot;unit&quot;:&quot;px&quot;,&quot;size&quot;:0.8,&quot;sizes&quot;:[]}}\">\n\t\t\t\t\t\t\t<div class=\"elementor-background-overlay\"><\/div>\n\t\t\t\t\t\t\t<div class=\"elementor-container elementor-column-gap-default\">\n\t\t\t\t\t<div class=\"elementor-column elementor-col-100 elementor-top-column elementor-element elementor-element-ff078ad\" data-id=\"ff078ad\" data-element_type=\"column\" data-settings=\"{&quot;craftcoffee_ext_link_sidemenu&quot;:&quot;false&quot;,&quot;craftcoffee_ext_link_mini_cart&quot;:&quot;false&quot;,&quot;craftcoffee_ext_is_scrollme&quot;:&quot;false&quot;,&quot;craftcoffee_ext_is_smoove&quot;:&quot;false&quot;,&quot;craftcoffee_ext_is_parallax_mouse&quot;:&quot;false&quot;,&quot;craftcoffee_ext_is_infinite&quot;:&quot;false&quot;,&quot;craftcoffee_ext_is_fadeout_animation&quot;:&quot;false&quot;}\">\n\t\t\t<div class=\"elementor-widget-wrap elementor-element-populated\">\n\t\t\t\t\t\t<div class=\"elementor-element elementor-element-ee246c3 elementor-widget elementor-widget-heading\" data-id=\"ee246c3\" data-element_type=\"widget\" data-settings=\"{&quot;craftcoffee_ext_is_smoove&quot;:&quot;true&quot;,&quot;craftcoffee_ext_smoove_disable&quot;:&quot;769&quot;,&quot;craftcoffee_ext_smoove_duration&quot;:1000,&quot;craftcoffee_ext_smoove_scalex&quot;:{&quot;unit&quot;:&quot;px&quot;,&quot;size&quot;:2,&quot;sizes&quot;:[]},&quot;craftcoffee_ext_smoove_scaley&quot;:{&quot;unit&quot;:&quot;px&quot;,&quot;size&quot;:2,&quot;sizes&quot;:[]},&quot;craftcoffee_ext_is_fadeout_animation&quot;:&quot;true&quot;,&quot;craftcoffee_ext_is_fadeout_animation_direction&quot;:&quot;down&quot;,&quot;craftcoffee_ext_is_fadeout_animation_velocity&quot;:{&quot;unit&quot;:&quot;px&quot;,&quot;size&quot;:0.5,&quot;sizes&quot;:[]},&quot;craftcoffee_ext_link_sidemenu&quot;:&quot;false&quot;,&quot;craftcoffee_ext_link_mini_cart&quot;:&quot;false&quot;,&quot;craftcoffee_ext_is_scrollme&quot;:&quot;false&quot;,&quot;craftcoffee_ext_smoove_rotatex&quot;:{&quot;unit&quot;:&quot;px&quot;,&quot;size&quot;:0,&quot;sizes&quot;:[]},&quot;craftcoffee_ext_smoove_rotatey&quot;:{&quot;unit&quot;:&quot;px&quot;,&quot;size&quot;:0,&quot;sizes&quot;:[]},&quot;craftcoffee_ext_smoove_rotatez&quot;:{&quot;unit&quot;:&quot;px&quot;,&quot;size&quot;:0,&quot;sizes&quot;:[]},&quot;craftcoffee_ext_smoove_translatex&quot;:{&quot;unit&quot;:&quot;px&quot;,&quot;size&quot;:0,&quot;sizes&quot;:[]},&quot;craftcoffee_ext_smoove_translatey&quot;:{&quot;unit&quot;:&quot;px&quot;,&quot;size&quot;:0,&quot;sizes&quot;:[]},&quot;craftcoffee_ext_smoove_translatez&quot;:{&quot;unit&quot;:&quot;px&quot;,&quot;size&quot;:0,&quot;sizes&quot;:[]},&quot;craftcoffee_ext_smoove_skewx&quot;:{&quot;unit&quot;:&quot;px&quot;,&quot;size&quot;:0,&quot;sizes&quot;:[]},&quot;craftcoffee_ext_smoove_skewy&quot;:{&quot;unit&quot;:&quot;px&quot;,&quot;size&quot;:0,&quot;sizes&quot;:[]},&quot;craftcoffee_ext_smoove_perspective&quot;:{&quot;unit&quot;:&quot;px&quot;,&quot;size&quot;:1000,&quot;sizes&quot;:[]},&quot;craftcoffee_ext_is_infinite&quot;:&quot;false&quot;}\" data-widget_type=\"heading.default\">\n\t\t\t\t\t<h1 class=\"elementor-heading-title elementor-size-default\">About Us<\/h1>\t\t\t\t<\/div>\n\t\t\t\t\t<\/div>\n\t\t<\/div>\n\t\t\t\t\t<\/div>\n\t\t<\/section>\n\t\t\t\t<section class=\"elementor-section elementor-top-section elementor-element elementor-element-267896a elementor-section-stretched elementor-section-height-min-height elementor-section-boxed elementor-section-height-default elementor-section-items-middle\" data-id=\"267896a\" data-element_type=\"section\" data-settings=\"{&quot;stretch_section&quot;:&quot;section-stretched&quot;,&quot;background_background&quot;:&quot;classic&quot;,&quot;craftcoffee_ext_is_background_parallax&quot;:&quot;false&quot;}\">\n\t\t\t\t\t\t<div class=\"elementor-container elementor-column-gap-default\">\n\t\t\t\t\t<div class=\"elementor-column elementor-col-100 elementor-top-column elementor-element elementor-element-28b66f2\" data-id=\"28b66f2\" data-element_type=\"column\" data-settings=\"{&quot;craftcoffee_ext_link_sidemenu&quot;:&quot;false&quot;,&quot;craftcoffee_ext_link_mini_cart&quot;:&quot;false&quot;,&quot;craftcoffee_ext_is_scrollme&quot;:&quot;false&quot;,&quot;craftcoffee_ext_is_smoove&quot;:&quot;false&quot;,&quot;craftcoffee_ext_is_parallax_mouse&quot;:&quot;false&quot;,&quot;craftcoffee_ext_is_infinite&quot;:&quot;false&quot;,&quot;craftcoffee_ext_is_fadeout_animation&quot;:&quot;false&quot;}\">\n\t\t\t<div class=\"elementor-widget-wrap elementor-element-populated\">\n\t\t\t\t\t\t\t<\/div>\n\t\t<\/div>\n\t\t\t\t\t<\/div>\n\t\t<\/section>\n\t\t<div class=\"elementor-element elementor-element-63bb19f e-flex e-con-boxed e-con e-parent\" data-id=\"63bb19f\" data-element_type=\"container\">\n\t\t\t\t\t<div class=\"e-con-inner\">\n\t\t<div class=\"elementor-element elementor-element-690a88b e-con-full e-flex e-con e-child\" data-id=\"690a88b\" data-element_type=\"container\">\n\t\t\t\t<div class=\"elementor-element elementor-element-978aaa7 elementor-widget elementor-widget-heading\" data-id=\"978aaa7\" data-element_type=\"widget\" data-settings=\"{&quot;craftcoffee_ext_link_sidemenu&quot;:&quot;false&quot;,&quot;craftcoffee_ext_link_mini_cart&quot;:&quot;false&quot;,&quot;craftcoffee_ext_is_scrollme&quot;:&quot;false&quot;,&quot;craftcoffee_ext_is_smoove&quot;:&quot;false&quot;,&quot;craftcoffee_ext_is_parallax_mouse&quot;:&quot;false&quot;,&quot;craftcoffee_ext_is_infinite&quot;:&quot;false&quot;,&quot;craftcoffee_ext_is_fadeout_animation&quot;:&quot;false&quot;}\" data-widget_type=\"heading.default\">\n\t\t\t\t\t<h2 class=\"elementor-heading-title elementor-size-default\">Where good coffee, family, and community come together.<\/h2>\t\t\t\t<\/div>\n\t\t\t\t<div class=\"elementor-element elementor-element-cd31095 elementor-widget elementor-widget-text-editor\" data-id=\"cd31095\" data-element_type=\"widget\" data-settings=\"{&quot;craftcoffee_ext_link_sidemenu&quot;:&quot;false&quot;,&quot;craftcoffee_ext_link_mini_cart&quot;:&quot;false&quot;,&quot;craftcoffee_ext_is_scrollme&quot;:&quot;false&quot;,&quot;craftcoffee_ext_is_smoove&quot;:&quot;false&quot;,&quot;craftcoffee_ext_is_parallax_mouse&quot;:&quot;false&quot;,&quot;craftcoffee_ext_is_infinite&quot;:&quot;false&quot;,&quot;craftcoffee_ext_is_fadeout_animation&quot;:&quot;false&quot;}\" data-widget_type=\"text-editor.default\">\n\t\t\t\t\t\t\t\t\t<p data-start=\"949\" data-end=\"1205\">La <em data-start=\"952\" data-end=\"962\">The Farm<\/em>At The Farm, everything begins with a love for good coffee and good company. What started as a simple dream, to create a cozy, family-friendly caf\u00e9 where everyone feels at home, has grown into a gathering place for our community.<\/p><p data-start=\"1207\" data-end=\"1563\">We\u2019re proud to serve locally roasted specialty coffee, made with care and a smile, alongside refreshing lemonades, matcha, and other signature drinks. As parents ourselves, we know the value of a moment to unwind, so we\u2019ve created a small play area where kids can laugh and explore while parents relax and enjoy a well-deserved break.<\/p><p data-start=\"1565\" data-end=\"1639\">At The Farm, you\u2019re not just a customer, you\u2019re part of our story.<\/p>\t\t\t\t\t\t\t\t<\/div>\n\t\t\t\t<\/div>\n\t\t\t\t\t<\/div>\n\t\t\t\t<\/div>\n\t\t\t\t<section class=\"elementor-section elementor-top-section elementor-element elementor-element-540f6f5 elementor-section-stretched elementor-section-height-min-height elementor-section-boxed elementor-section-height-default elementor-section-items-middle\" data-id=\"540f6f5\" data-element_type=\"section\" data-settings=\"{&quot;stretch_section&quot;:&quot;section-stretched&quot;,&quot;background_background&quot;:&quot;classic&quot;,&quot;craftcoffee_ext_is_background_parallax&quot;:&quot;false&quot;}\">\n\t\t\t\t\t\t<div class=\"elementor-container elementor-column-gap-default\">\n\t\t\t\t\t<div class=\"elementor-column elementor-col-100 elementor-top-column elementor-element elementor-element-e4ef267\" data-id=\"e4ef267\" data-element_type=\"column\" data-settings=\"{&quot;craftcoffee_ext_link_sidemenu&quot;:&quot;false&quot;,&quot;craftcoffee_ext_link_mini_cart&quot;:&quot;false&quot;,&quot;craftcoffee_ext_is_scrollme&quot;:&quot;false&quot;,&quot;craftcoffee_ext_is_smoove&quot;:&quot;false&quot;,&quot;craftcoffee_ext_is_parallax_mouse&quot;:&quot;false&quot;,&quot;craftcoffee_ext_is_infinite&quot;:&quot;false&quot;,&quot;craftcoffee_ext_is_fadeout_animation&quot;:&quot;false&quot;}\">\n\t\t\t<div class=\"elementor-widget-wrap elementor-element-populated\">\n\t\t\t\t\t\t\t<\/div>\n\t\t<\/div>\n\t\t\t\t\t<\/div>\n\t\t<\/section>\n\t\t\t\t<\/div>","protected":false},"excerpt":{"rendered":"<p>Despre Noi Locul unde cafeaua buna, familia si comunitatea se \u00eent\u00e2lnesc. La The Farm, totul porne\u0219te din dragostea pentru cafeaua bun\u0103 \u0219i pentru oameni. Ceea ce a \u00eenceput ca un vis simplu, s\u0103 cre\u0103m o cafenea primitoare, potrivit\u0103 pentru familii [&hellip;]<\/p>","protected":false},"author":1,"featured_media":0,"parent":0,"menu_order":0,"comment_status":"closed","ping_status":"closed","template":"","meta":{"footnotes":""},"class_list":["post-3676","page","type-page","status-publish","hentry"],"yoast_head":"<!-- This site is optimized with the Yoast SEO plugin v26.1.1 - https:\/\/yoast.com\/wordpress\/plugins\/seo\/ -->\n<title>About Us | The Farm Slobozia \u2013 Specialty Coffee<\/title>\n<meta name=\"description\" content=\"Learn the story behind The Farm, a family-run caf\u00e9 in Slobozia serving locally roasted specialty coffee, made with care and love for our community.\" \/>\n<meta name=\"robots\" content=\"index, follow, max-snippet:-1, max-image-preview:large, max-video-preview:-1\" \/>\n<link rel=\"canonical\" href=\"https:\/\/thefarmcoffee.ro\/en\/about-us\/\" \/>\n<meta property=\"og:locale\" content=\"en_US\" \/>\n<meta property=\"og:type\" content=\"article\" \/>\n<meta property=\"og:title\" content=\"About Us | The Farm Slobozia \u2013 Specialty Coffee\" \/>\n<meta property=\"og:description\" content=\"Learn the story behind The Farm, a family-run caf\u00e9 in Slobozia serving locally roasted specialty coffee, made with care and love for our community.\" \/>\n<meta property=\"og:url\" content=\"https:\/\/thefarmcoffee.ro\/en\/about-us\/\" \/>\n<meta property=\"og:site_name\" content=\"The Farm\" \/>\n<meta property=\"article:modified_time\" content=\"2025-11-12T09:20:34+00:00\" \/>\n<meta name=\"twitter:card\" content=\"summary_large_image\" \/>\n<meta name=\"twitter:label1\" content=\"Est. reading time\" \/>\n\t<meta name=\"twitter:data1\" content=\"1 minute\" \/>\n<script type=\"application\/ld+json\" class=\"yoast-schema-graph\">{\"@context\":\"https:\/\/schema.org\",\"@graph\":[{\"@type\":\"WebPage\",\"@id\":\"https:\/\/thefarmcoffee.ro\/about-us\/\",\"url\":\"https:\/\/thefarmcoffee.ro\/about-us\/\",\"name\":\"About Us | The Farm Slobozia \u2013 Specialty Coffee\",\"isPartOf\":{\"@id\":\"https:\/\/thefarmcoffee.ro\/#website\"},\"datePublished\":\"2020-05-22T10:37:38+00:00\",\"dateModified\":\"2025-11-12T09:20:34+00:00\",\"description\":\"Learn the story behind The Farm, a family-run caf\u00e9 in Slobozia serving locally roasted specialty coffee, made with care and love for our community.\",\"breadcrumb\":{\"@id\":\"https:\/\/thefarmcoffee.ro\/about-us\/#breadcrumb\"},\"inLanguage\":\"en-US\",\"potentialAction\":[{\"@type\":\"ReadAction\",\"target\":[\"https:\/\/thefarmcoffee.ro\/about-us\/\"]}]},{\"@type\":\"BreadcrumbList\",\"@id\":\"https:\/\/thefarmcoffee.ro\/about-us\/#breadcrumb\",\"itemListElement\":[{\"@type\":\"ListItem\",\"position\":1,\"name\":\"Home\",\"item\":\"https:\/\/thefarmcoffee.ro\/\"},{\"@type\":\"ListItem\",\"position\":2,\"name\":\"About Us 1\"}]},{\"@type\":\"WebSite\",\"@id\":\"https:\/\/thefarmcoffee.ro\/#website\",\"url\":\"https:\/\/thefarmcoffee.ro\/\",\"name\":\"The Farm\",\"description\":\"\",\"publisher\":{\"@id\":\"https:\/\/thefarmcoffee.ro\/#organization\"},\"potentialAction\":[{\"@type\":\"SearchAction\",\"target\":{\"@type\":\"EntryPoint\",\"urlTemplate\":\"https:\/\/thefarmcoffee.ro\/?s={search_term_string}\"},\"query-input\":{\"@type\":\"PropertyValueSpecification\",\"valueRequired\":true,\"valueName\":\"search_term_string\"}}],\"inLanguage\":\"en-US\"},{\"@type\":\"Organization\",\"@id\":\"https:\/\/thefarmcoffee.ro\/#organization\",\"name\":\"The Farm\",\"url\":\"https:\/\/thefarmcoffee.ro\/\",\"logo\":{\"@type\":\"ImageObject\",\"inLanguage\":\"en-US\",\"@id\":\"https:\/\/thefarmcoffee.ro\/#\/schema\/logo\/image\/\",\"url\":\"https:\/\/thefarmcoffee.ro\/wp-content\/uploads\/2025\/10\/thefarm.png\",\"contentUrl\":\"https:\/\/thefarmcoffee.ro\/wp-content\/uploads\/2025\/10\/thefarm.png\",\"width\":724,\"height\":663,\"caption\":\"The Farm\"},\"image\":{\"@id\":\"https:\/\/thefarmcoffee.ro\/#\/schema\/logo\/image\/\"}}]}<\/script>\n<!-- \/ Yoast SEO plugin. -->","yoast_head_json":{"title":"About Us | The Farm Slobozia \u2013 Specialty Coffee","description":"Learn the story behind The Farm, a family-run caf\u00e9 in Slobozia serving locally roasted specialty coffee, made with care and love for our community.","robots":{"index":"index","follow":"follow","max-snippet":"max-snippet:-1","max-image-preview":"max-image-preview:large","max-video-preview":"max-video-preview:-1"},"canonical":"https:\/\/thefarmcoffee.ro\/en\/about-us\/","og_locale":"en_US","og_type":"article","og_title":"About Us | The Farm Slobozia \u2013 Specialty Coffee","og_description":"Learn the story behind The Farm, a family-run caf\u00e9 in Slobozia serving locally roasted specialty coffee, made with care and love for our community.","og_url":"https:\/\/thefarmcoffee.ro\/en\/about-us\/","og_site_name":"The Farm","article_modified_time":"2025-11-12T09:20:34+00:00","twitter_card":"summary_large_image","twitter_misc":{"Est. reading time":"1 minute"},"schema":{"@context":"https:\/\/schema.org","@graph":[{"@type":"WebPage","@id":"https:\/\/thefarmcoffee.ro\/about-us\/","url":"https:\/\/thefarmcoffee.ro\/about-us\/","name":"About Us | The Farm Slobozia \u2013 Specialty Coffee","isPartOf":{"@id":"https:\/\/thefarmcoffee.ro\/#website"},"datePublished":"2020-05-22T10:37:38+00:00","dateModified":"2025-11-12T09:20:34+00:00","description":"Learn the story behind The Farm, a family-run caf\u00e9 in Slobozia serving locally roasted specialty coffee, made with care and love for our community.","breadcrumb":{"@id":"https:\/\/thefarmcoffee.ro\/about-us\/#breadcrumb"},"inLanguage":"en-US","potentialAction":[{"@type":"ReadAction","target":["https:\/\/thefarmcoffee.ro\/about-us\/"]}]},{"@type":"BreadcrumbList","@id":"https:\/\/thefarmcoffee.ro\/about-us\/#breadcrumb","itemListElement":[{"@type":"ListItem","position":1,"name":"Home","item":"https:\/\/thefarmcoffee.ro\/"},{"@type":"ListItem","position":2,"name":"About Us 1"}]},{"@type":"WebSite","@id":"https:\/\/thefarmcoffee.ro\/#website","url":"https:\/\/thefarmcoffee.ro\/","name":"The Farm","description":"","publisher":{"@id":"https:\/\/thefarmcoffee.ro\/#organization"},"potentialAction":[{"@type":"SearchAction","target":{"@type":"EntryPoint","urlTemplate":"https:\/\/thefarmcoffee.ro\/?s={search_term_string}"},"query-input":{"@type":"PropertyValueSpecification","valueRequired":true,"valueName":"search_term_string"}}],"inLanguage":"en-US"},{"@type":"Organization","@id":"https:\/\/thefarmcoffee.ro\/#organization","name":"The Farm","url":"https:\/\/thefarmcoffee.ro\/","logo":{"@type":"ImageObject","inLanguage":"en-US","@id":"https:\/\/thefarmcoffee.ro\/#\/schema\/logo\/image\/","url":"https:\/\/thefarmcoffee.ro\/wp-content\/uploads\/2025\/10\/thefarm.png","contentUrl":"https:\/\/thefarmcoffee.ro\/wp-content\/uploads\/2025\/10\/thefarm.png","width":724,"height":663,"caption":"The Farm"},"image":{"@id":"https:\/\/thefarmcoffee.ro\/#\/schema\/logo\/image\/"}}]}},"_links":{"self":[{"href":"https:\/\/thefarmcoffee.ro\/en\/wp-json\/wp\/v2\/pages\/3676","targetHints":{"allow":["GET"]}}],"collection":[{"href":"https:\/\/thefarmcoffee.ro\/en\/wp-json\/wp\/v2\/pages"}],"about":[{"href":"https:\/\/thefarmcoffee.ro\/en\/wp-json\/wp\/v2\/types\/page"}],"author":[{"embeddable":true,"href":"https:\/\/thefarmcoffee.ro\/en\/wp-json\/wp\/v2\/users\/1"}],"replies":[{"embeddable":true,"href":"https:\/\/thefarmcoffee.ro\/en\/wp-json\/wp\/v2\/comments?post=3676"}],"version-history":[{"count":10,"href":"https:\/\/thefarmcoffee.ro\/en\/wp-json\/wp\/v2\/pages\/3676\/revisions"}],"predecessor-version":[{"id":6739,"href":"https:\/\/thefarmcoffee.ro\/en\/wp-json\/wp\/v2\/pages\/3676\/revisions\/6739"}],"wp:attachment":[{"href":"https:\/\/thefarmcoffee.ro\/en\/wp-json\/wp\/v2\/media?parent=3676"}],"curies":[{"name":"wp","href":"https:\/\/api.w.org\/{rel}","templated":true}]}}